{"id":10,"date":"2023-12-24T21:56:51","date_gmt":"2023-12-24T21:56:51","guid":{"rendered":"https:\/\/rutasiete.es\/?page_id=10"},"modified":"2024-07-02T20:09:53","modified_gmt":"2024-07-02T20:09:53","slug":"acerca-de","status":"publish","type":"page","link":"https:\/\/rutasiete.es\/en\/acerca-de\/","title":{"rendered":"About"},"content":{"rendered":"<div data-elementor-type=\"wp-page\" data-elementor-id=\"10\" class=\"elementor elementor-10\">\n\t\t\t\t<div class=\"elementor-element elementor-element-fc73e5d e-flex e-con-boxed e-con e-parent\" data-id=\"fc73e5d\" data-element_type=\"container\" data-e-type=\"container\">\n\t\t\t\t\t<div class=\"e-con-inner\">\n\t\t\t\t<div class=\"elementor-element elementor-element-a6da530 elementor-widget elementor-widget-text-editor\" data-id=\"a6da530\" data-element_type=\"widget\" data-e-type=\"widget\" data-widget_type=\"text-editor.default\">\n\t\t\t\t<div class=\"elementor-widget-container\">\n\t\t\t\t\t\t\t\t\t\n<h2 id=\"inspiro-is-a-digital-product-agency-that-focuses-on-strategy-and-design\" class=\"wp-block-heading has-text-align-center has-large-font-size\" style=\"font-style: normal; font-weight: 100;\"><strong>Rutasiete<\/strong><\/h2>\n\n<h2 id=\"inspiro-is-a-digital-product-agency-that-focuses-on-strategy-and-design\" class=\"wp-block-heading has-text-align-center has-large-font-size\" style=\"font-style: normal; font-weight: 100; line-height: 0;\">4x4<\/h2>\n<h2 class=\"wp-block-heading has-text-align-center has-large-font-size\" style=\"font-style: normal; font-weight: 100; line-height: 0;\">tur\u00edsticas en 4&#215;4 por<\/h2>\n<h2 class=\"wp-block-heading has-text-align-center has-large-font-size\" style=\"font-style: normal; font-weight: 100; line-height: 0;\">la provincia de C\u00e1diz<\/h2>\n\n<div aria-hidden=\"true\">\u00a0<\/div>\n\n<div class=\"wp-block-columns alignwide is-layout-flex wp-container-core-columns-is-layout-28f84493 wp-block-columns-is-layout-flex\">\n<div class=\"wp-block-column is-layout-flow wp-block-column-is-layout-flow\">\n<figure class=\"wp-block-image aligncenter size-full is-resized is-style-rounded\"><img decoding=\"async\" width=\"200\" height=\"200\" class=\"wp-image-137\" style=\"width: 200px;\" src=\"https:\/\/rutasiete.es\/wp-content\/uploads\/2024\/06\/mision.avif\" alt=\"\" srcset=\"https:\/\/rutasiete.es\/wp-content\/uploads\/2024\/06\/mision.avif 788w, https:\/\/rutasiete.es\/wp-content\/uploads\/2024\/06\/mision-300x300.avif 300w, https:\/\/rutasiete.es\/wp-content\/uploads\/2024\/06\/mision-150x150.avif 150w, https:\/\/rutasiete.es\/wp-content\/uploads\/2024\/06\/mision-12x12.avif 12w\" sizes=\"(max-width: 200px) 100vw, 200px\" \/><\/figure>\n\n<p class=\"has-text-align-center has-text-color has-medium-font-size\" style=\"color: #d9ab63; text-decoration: underline;\"><mark class=\"has-inline-color\" style=\"background-color: rgba(0, 0, 0, 0); color: #d9ab63;\">Mission<\/mark><\/p>\n\n<p class=\"has-text-color\" style=\"color: #7a7a7a;\">To show you the province of Cadiz in a different way and therefore complementary  the traditional tourist tours. Places and natural landscapes away from the mass tourism and in a very pleasant and relaxed way.<\/p>\n<\/div>\n\n<div class=\"wp-block-column is-layout-flow wp-block-column-is-layout-flow\">\n<figure class=\"wp-block-image aligncenter size-full is-resized\"><img decoding=\"async\" width=\"200\" height=\"200\" class=\"wp-image-139\" style=\"width: 200px;\" src=\"https:\/\/rutasiete.es\/wp-content\/uploads\/2024\/06\/vision.avif\" alt=\"\" srcset=\"https:\/\/rutasiete.es\/wp-content\/uploads\/2024\/06\/vision.avif 788w, https:\/\/rutasiete.es\/wp-content\/uploads\/2024\/06\/vision-300x300.avif 300w, https:\/\/rutasiete.es\/wp-content\/uploads\/2024\/06\/vision-150x150.avif 150w, https:\/\/rutasiete.es\/wp-content\/uploads\/2024\/06\/vision-12x12.avif 12w\" sizes=\"(max-width: 200px) 100vw, 200px\" \/><\/figure>\n\n<p class=\"has-text-align-center has-text-color has-medium-font-size\" style=\"color: #d9ab63; text-decoration: underline;\"><mark class=\"has-inline-color\" style=\"background-color: rgba(0, 0, 0, 0); color: #d9ab63;\">Vision<\/mark><\/p>\n\n<p class=\"has-text-color\" style=\"color: #7a7a7a;\">Our aim is to help consolidate the destination as an alternative tourist destination for an increasingly demanding public.<\/p>\n<\/div>\n\n<div class=\"wp-block-column is-layout-flow wp-block-column-is-layout-flow\">\n<figure class=\"wp-block-image aligncenter size-full is-resized\"><img decoding=\"async\" width=\"200\" height=\"200\" class=\"wp-image-140\" style=\"width: 200px;\" src=\"https:\/\/rutasiete.es\/wp-content\/uploads\/2024\/06\/valores.avif\" alt=\"\" srcset=\"https:\/\/rutasiete.es\/wp-content\/uploads\/2024\/06\/valores.avif 788w, https:\/\/rutasiete.es\/wp-content\/uploads\/2024\/06\/valores-300x300.avif 300w, https:\/\/rutasiete.es\/wp-content\/uploads\/2024\/06\/valores-150x150.avif 150w, https:\/\/rutasiete.es\/wp-content\/uploads\/2024\/06\/valores-12x12.avif 12w\" sizes=\"(max-width: 200px) 100vw, 200px\" \/><\/figure>\n\n<p class=\"has-text-align-center has-text-color has-medium-font-size\" style=\"color: #d9ab63; text-decoration: underline;\"><mark class=\"has-inline-color\" style=\"background-color: rgba(0, 0, 0, 0); color: #d9ab63;\">Values<\/mark><\/p>\n\n<p class=\"has-text-color\" style=\"color: #7a7a7a;\">Committed to the environment, we instil respect for the natural environment, trying to have as little impact as possible by our presence. We prioritise human relations and direct contact with the customer.<\/p>\n<\/div>\n<\/div>\n\n<div class=\"wp-block-spacer\" style=\"height: 57px;\" aria-hidden=\"true\">\u00a0<\/div>\n\n<h2 class=\"wp-block-heading has-text-align-center\">BETWEEN TWO SEAS AND TWO CONTINENTS<\/h2>\n\n<p class=\"has-text-align-center has-medium-font-size\"><em>Discover with us the parks and natural landscapes of the province of C\u00e1diz.<\/em><\/p>\n<hr class=\"wp-block-separator has-alpha-channel-opacity\" \/>\n<div class=\"wp-block-spacer\" style=\"height: 33px;\" aria-hidden=\"true\">\u00a0<\/div>\n\n<div class=\"wp-block-columns is-layout-flex wp-container-core-columns-is-layout-28f84493 wp-block-columns-is-layout-flex\">\n<div class=\"wp-block-column is-layout-flow wp-block-column-is-layout-flow\">\n<h3 class=\"wp-block-heading\"><strong>Get to know the province of Cadiz<\/strong><\/h3>\n\n<p>Rutasiete offers a different way of getting to know the province of Cadiz, a province peculiar for its location, between two seas and two continents, and for its natural landscapes where the Natural Parks of Grazalema stand out, with the highest rainfall in Spain and having the highest elevation in the province, El Torre\u00f3n with its 1654 m., and Los Alcornocales, the largest mass of cork oaks in the Iberian Peninsula, called \"The last Mediterranean jungle\". Los Alcornocales, the largest mass of cork oaks in the Iberian Peninsula, called \"The last Mediterranean forest\". The Natural Park of Do\u00f1ana, which due to its proximity to the Strait of Gibraltar can be observed more than 300 species of birds that are distributed by its various ecosystems, without forgetting the Bay of Cadiz, the Bre\u00f1a and the Marshes of Barbate and the Natural Park of the Strait, which has part of its territory in the Atlantic Ocean and the other in the Mediterranean Sea, and between the two Tarifa, cradle of water sports for its strong winds and all this against the backdrop of the African continent.\n\nThe province as a whole has 31% of protected areas, i.e. 231,220 ha. In proportion, it is the province with the most protected land in Andalusia.\n\nCadiz is the oldest city in the West, where culture overflows in every corner of its towns and cities, these will accompany us on our routes, where we mix places of exuberant nature, with white villages full of light and the friendliness of its people.<\/p>\n\n<p>En su conjunto la provincia tiene un 31 % de espacio protegido, es decir 231.220 Ha. Siendo en proporci\u00f3n la que tiene m\u00e1s suelo protegido de Andaluc\u00eda.<\/p>\n\n<p>C\u00e1diz, es la ciudad m\u00e1s antigua de occidente, donde la cultura rebosa por cada rinc\u00f3n de sus pueblos y ciudades, estos nos acompa\u00f1aran por nuestras rutas, donde mezclamos lugares de una naturaleza exuberante, con pueblos blancos llenos de luz y la simpat\u00eda de sus gentes.<\/p>\n<\/div>\n\n<div class=\"wp-block-column is-layout-flow wp-block-column-is-layout-flow\">\n<h3 class=\"wp-block-heading\"><strong>Active tourism<\/strong><\/h3>\n\n<p>Rutasiete is an active tourism company registered with the number AT\/CA\/00254, by the Junta de Andaluc\u00eda, with a long and extensive experience of more than 10 years.<\/p>\n\n<p>Its manager, Salvador Pineda, is technical director and instructor of active tourism, certified trainer of sherry wine (Consejo Regulador de la D.O. Jerez-X\u00e9res-Sherry) and worked as a tourism development technician for the project \"Pagos del sherry\", for the Wine and Brandy Route of the Marco de Jerez. He began his professional career in active tourism in the 90s, working in various companies in the sector such as: Aventerra, Viajes Alventus and Turismo Rural Genatur. He was also coordinator and presenter of the nature series \"Rutas\" for Onda Jerez TV, touring the parks and natural areas of the province of Cadiz.<\/p>\n\n<p>We are based in Jerez, the birthplace of flamenco, the Carthusian horse and one of the most famous wines in the world: Jerez - Xeres - sherry.<\/p>\n<\/div>\n<\/div>\n\n<div class=\"wp-block-spacer\" style=\"height: 57px;\" aria-hidden=\"true\">\u00a0<\/div>\n\t\t\t\t\t\t\t\t<\/div>\n\t\t\t\t<\/div>\n\t\t\t\t\t<\/div>\n\t\t\t\t<\/div>\n\t\t\t\t<\/div>","protected":false},"excerpt":{"rendered":"<p>Rutasiete Experiencias tur\u00edsticas en 4&#215;4 por la provincia de C\u00e1diz Misi\u00f3n Dar a conocer la provincia de C\u00e1diz de una manera diferente y por tanto complementaria a los tours tur\u00edsticos tradicionales. Lugares y parajes naturales fuera de la masificaci\u00f3n y de una manera muy amena y distendida. Visi\u00f3n El objetivo es ayudar a consolidar el &hellip; <\/p>\n<p class=\"link-more\"><a href=\"https:\/\/rutasiete.es\/en\/acerca-de\/\" class=\"more-link\">Read more<span class=\"screen-reader-text\"> \u00abAcerca de\u00bb<\/span><\/a><\/p>","protected":false},"author":1,"featured_media":153,"parent":0,"menu_order":0,"comment_status":"closed","ping_status":"closed","template":"","meta":{"_uag_custom_page_level_css":"","footnotes":""},"class_list":["post-10","page","type-page","status-publish","has-post-thumbnail","hentry"],"yoast_head":"<!-- This site is optimized with the Yoast SEO plugin v26.2 - https:\/\/yoast.com\/wordpress\/plugins\/seo\/ -->\n<title>Acerca de - RutaSiete<\/title>\n<meta name=\"robots\" content=\"index, follow, max-snippet:-1, max-image-preview:large, max-video-preview:-1\" \/>\n<link rel=\"canonical\" href=\"https:\/\/rutasiete.es\/en\/acerca-de\/\" \/>\n<meta property=\"og:locale\" content=\"en_GB\" \/>\n<meta property=\"og:type\" content=\"article\" \/>\n<meta property=\"og:title\" content=\"Acerca de - RutaSiete\" \/>\n<meta property=\"og:description\" content=\"Rutasiete Experiencias tur\u00edsticas en 4&#215;4 por la provincia de C\u00e1diz Misi\u00f3n Dar a conocer la provincia de C\u00e1diz de una manera diferente y por tanto complementaria a los tours tur\u00edsticos tradicionales. Lugares y parajes naturales fuera de la masificaci\u00f3n y de una manera muy amena y distendida. Visi\u00f3n El objetivo es ayudar a consolidar el &hellip; Read more &quot;Acerca de&quot;\" \/>\n<meta property=\"og:url\" content=\"https:\/\/rutasiete.es\/en\/acerca-de\/\" \/>\n<meta property=\"og:site_name\" content=\"RutaSiete\" \/>\n<meta property=\"article:publisher\" content=\"https:\/\/www.facebook.com\/rutasietecadiz\/\" \/>\n<meta property=\"article:modified_time\" content=\"2024-07-02T20:09:53+00:00\" \/>\n<meta property=\"og:image\" content=\"https:\/\/rutasiete.es\/wp-content\/uploads\/2024\/06\/5-2-scaled-e1717774619745.jpg\" \/>\n\t<meta property=\"og:image:width\" content=\"2556\" \/>\n\t<meta property=\"og:image:height\" content=\"1258\" \/>\n\t<meta property=\"og:image:type\" content=\"image\/jpeg\" \/>\n<meta name=\"twitter:card\" content=\"summary_large_image\" \/>\n<meta name=\"twitter:label1\" content=\"Estimated reading time\" \/>\n\t<meta name=\"twitter:data1\" content=\"3 minutes\" \/>\n<script type=\"application\/ld+json\" class=\"yoast-schema-graph\">{\"@context\":\"https:\/\/schema.org\",\"@graph\":[{\"@type\":\"WebPage\",\"@id\":\"https:\/\/rutasiete.es\/acerca-de\/\",\"url\":\"https:\/\/rutasiete.es\/acerca-de\/\",\"name\":\"Acerca de - RutaSiete\",\"isPartOf\":{\"@id\":\"https:\/\/rutasiete.es\/#website\"},\"primaryImageOfPage\":{\"@id\":\"https:\/\/rutasiete.es\/acerca-de\/#primaryimage\"},\"image\":{\"@id\":\"https:\/\/rutasiete.es\/acerca-de\/#primaryimage\"},\"thumbnailUrl\":\"https:\/\/rutasiete.es\/wp-content\/uploads\/2024\/06\/5-2-scaled-e1717774619745.jpg\",\"datePublished\":\"2023-12-24T21:56:51+00:00\",\"dateModified\":\"2024-07-02T20:09:53+00:00\",\"breadcrumb\":{\"@id\":\"https:\/\/rutasiete.es\/acerca-de\/#breadcrumb\"},\"inLanguage\":\"en-GB\",\"potentialAction\":[{\"@type\":\"ReadAction\",\"target\":[\"https:\/\/rutasiete.es\/acerca-de\/\"]}]},{\"@type\":\"ImageObject\",\"inLanguage\":\"en-GB\",\"@id\":\"https:\/\/rutasiete.es\/acerca-de\/#primaryimage\",\"url\":\"https:\/\/rutasiete.es\/wp-content\/uploads\/2024\/06\/5-2-scaled-e1717774619745.jpg\",\"contentUrl\":\"https:\/\/rutasiete.es\/wp-content\/uploads\/2024\/06\/5-2-scaled-e1717774619745.jpg\",\"width\":2556,\"height\":1258},{\"@type\":\"BreadcrumbList\",\"@id\":\"https:\/\/rutasiete.es\/acerca-de\/#breadcrumb\",\"itemListElement\":[{\"@type\":\"ListItem\",\"position\":1,\"name\":\"Portada\",\"item\":\"https:\/\/rutasiete.es\/\"},{\"@type\":\"ListItem\",\"position\":2,\"name\":\"Acerca de\"}]},{\"@type\":\"WebSite\",\"@id\":\"https:\/\/rutasiete.es\/#website\",\"url\":\"https:\/\/rutasiete.es\/\",\"name\":\"RutaSiete\",\"description\":\"Experiencias tur\u00edsticas en 4x4\",\"publisher\":{\"@id\":\"https:\/\/rutasiete.es\/#organization\"},\"potentialAction\":[{\"@type\":\"SearchAction\",\"target\":{\"@type\":\"EntryPoint\",\"urlTemplate\":\"https:\/\/rutasiete.es\/?s={search_term_string}\"},\"query-input\":{\"@type\":\"PropertyValueSpecification\",\"valueRequired\":true,\"valueName\":\"search_term_string\"}}],\"inLanguage\":\"en-GB\"},{\"@type\":\"Organization\",\"@id\":\"https:\/\/rutasiete.es\/#organization\",\"name\":\"RutaSiete\",\"url\":\"https:\/\/rutasiete.es\/\",\"logo\":{\"@type\":\"ImageObject\",\"inLanguage\":\"en-GB\",\"@id\":\"https:\/\/rutasiete.es\/#\/schema\/logo\/image\/\",\"url\":\"https:\/\/rutasiete.es\/wp-content\/uploads\/2024\/01\/Captura_de_pantalla_2023-12-24_225103-removebg-preview.png\",\"contentUrl\":\"https:\/\/rutasiete.es\/wp-content\/uploads\/2024\/01\/Captura_de_pantalla_2023-12-24_225103-removebg-preview.png\",\"width\":342,\"height\":161,\"caption\":\"RutaSiete\"},\"image\":{\"@id\":\"https:\/\/rutasiete.es\/#\/schema\/logo\/image\/\"},\"sameAs\":[\"https:\/\/www.facebook.com\/rutasietecadiz\/\",\"https:\/\/www.instagram.com\/rutasietecadiz\/\"]}]}<\/script>\n<!-- \/ Yoast SEO plugin. -->","yoast_head_json":{"title":"Acerca de - RutaSiete","robots":{"index":"index","follow":"follow","max-snippet":"max-snippet:-1","max-image-preview":"max-image-preview:large","max-video-preview":"max-video-preview:-1"},"canonical":"https:\/\/rutasiete.es\/en\/acerca-de\/","og_locale":"en_GB","og_type":"article","og_title":"Acerca de - RutaSiete","og_description":"Rutasiete Experiencias tur\u00edsticas en 4&#215;4 por la provincia de C\u00e1diz Misi\u00f3n Dar a conocer la provincia de C\u00e1diz de una manera diferente y por tanto complementaria a los tours tur\u00edsticos tradicionales. Lugares y parajes naturales fuera de la masificaci\u00f3n y de una manera muy amena y distendida. Visi\u00f3n El objetivo es ayudar a consolidar el &hellip; Read more \"Acerca de\"","og_url":"https:\/\/rutasiete.es\/en\/acerca-de\/","og_site_name":"RutaSiete","article_publisher":"https:\/\/www.facebook.com\/rutasietecadiz\/","article_modified_time":"2024-07-02T20:09:53+00:00","og_image":[{"width":2556,"height":1258,"url":"https:\/\/rutasiete.es\/wp-content\/uploads\/2024\/06\/5-2-scaled-e1717774619745.jpg","type":"image\/jpeg"}],"twitter_card":"summary_large_image","twitter_misc":{"Estimated reading time":"3 minutes"},"schema":{"@context":"https:\/\/schema.org","@graph":[{"@type":"WebPage","@id":"https:\/\/rutasiete.es\/acerca-de\/","url":"https:\/\/rutasiete.es\/acerca-de\/","name":"Acerca de - RutaSiete","isPartOf":{"@id":"https:\/\/rutasiete.es\/#website"},"primaryImageOfPage":{"@id":"https:\/\/rutasiete.es\/acerca-de\/#primaryimage"},"image":{"@id":"https:\/\/rutasiete.es\/acerca-de\/#primaryimage"},"thumbnailUrl":"https:\/\/rutasiete.es\/wp-content\/uploads\/2024\/06\/5-2-scaled-e1717774619745.jpg","datePublished":"2023-12-24T21:56:51+00:00","dateModified":"2024-07-02T20:09:53+00:00","breadcrumb":{"@id":"https:\/\/rutasiete.es\/acerca-de\/#breadcrumb"},"inLanguage":"en-GB","potentialAction":[{"@type":"ReadAction","target":["https:\/\/rutasiete.es\/acerca-de\/"]}]},{"@type":"ImageObject","inLanguage":"en-GB","@id":"https:\/\/rutasiete.es\/acerca-de\/#primaryimage","url":"https:\/\/rutasiete.es\/wp-content\/uploads\/2024\/06\/5-2-scaled-e1717774619745.jpg","contentUrl":"https:\/\/rutasiete.es\/wp-content\/uploads\/2024\/06\/5-2-scaled-e1717774619745.jpg","width":2556,"height":1258},{"@type":"BreadcrumbList","@id":"https:\/\/rutasiete.es\/acerca-de\/#breadcrumb","itemListElement":[{"@type":"ListItem","position":1,"name":"Portada","item":"https:\/\/rutasiete.es\/"},{"@type":"ListItem","position":2,"name":"Acerca de"}]},{"@type":"WebSite","@id":"https:\/\/rutasiete.es\/#website","url":"https:\/\/rutasiete.es\/","name":"RutaSiete","description":"Experiencias tur\u00edsticas en 4x4","publisher":{"@id":"https:\/\/rutasiete.es\/#organization"},"potentialAction":[{"@type":"SearchAction","target":{"@type":"EntryPoint","urlTemplate":"https:\/\/rutasiete.es\/?s={search_term_string}"},"query-input":{"@type":"PropertyValueSpecification","valueRequired":true,"valueName":"search_term_string"}}],"inLanguage":"en-GB"},{"@type":"Organization","@id":"https:\/\/rutasiete.es\/#organization","name":"RutaSiete","url":"https:\/\/rutasiete.es\/","logo":{"@type":"ImageObject","inLanguage":"en-GB","@id":"https:\/\/rutasiete.es\/#\/schema\/logo\/image\/","url":"https:\/\/rutasiete.es\/wp-content\/uploads\/2024\/01\/Captura_de_pantalla_2023-12-24_225103-removebg-preview.png","contentUrl":"https:\/\/rutasiete.es\/wp-content\/uploads\/2024\/01\/Captura_de_pantalla_2023-12-24_225103-removebg-preview.png","width":342,"height":161,"caption":"RutaSiete"},"image":{"@id":"https:\/\/rutasiete.es\/#\/schema\/logo\/image\/"},"sameAs":["https:\/\/www.facebook.com\/rutasietecadiz\/","https:\/\/www.instagram.com\/rutasietecadiz\/"]}]}},"uagb_featured_image_src":{"full":["https:\/\/rutasiete.es\/wp-content\/uploads\/2024\/06\/5-2-scaled-e1717774619745.jpg",2556,1258,false],"thumbnail":["https:\/\/rutasiete.es\/wp-content\/uploads\/2024\/06\/5-2-scaled-e1717774619745-150x150.jpg",150,150,true],"medium":["https:\/\/rutasiete.es\/wp-content\/uploads\/2024\/06\/5-2-scaled-e1717774619745-300x148.jpg",300,148,true],"medium_large":["https:\/\/rutasiete.es\/wp-content\/uploads\/2024\/06\/5-2-scaled-e1717774619745-768x378.jpg",768,378,true],"large":["https:\/\/rutasiete.es\/wp-content\/uploads\/2024\/06\/5-2-scaled-e1717774619745-1024x504.jpg",950,468,true],"1536x1536":["https:\/\/rutasiete.es\/wp-content\/uploads\/2024\/06\/5-2-scaled-e1717774619745-1536x756.jpg",1536,756,true],"2048x2048":["https:\/\/rutasiete.es\/wp-content\/uploads\/2024\/06\/5-2-scaled-e1717774619745-2048x1008.jpg",2048,1008,true],"trp-custom-language-flag":["https:\/\/rutasiete.es\/wp-content\/uploads\/2024\/06\/5-2-scaled-e1717774619745-18x9.jpg",18,9,true],"inspiro-featured-image":["https:\/\/rutasiete.es\/wp-content\/uploads\/2024\/06\/5-2-scaled-e1717774619745-2000x984.jpg",2000,984,true],"inspiro-loop":["https:\/\/rutasiete.es\/wp-content\/uploads\/2024\/06\/5-2-scaled-e1717774619745-950x320.jpg",950,320,true],"inspiro-loop@2x":["https:\/\/rutasiete.es\/wp-content\/uploads\/2024\/06\/5-2-scaled-e1717774619745-1900x640.jpg",1900,640,true]},"uagb_author_info":{"display_name":"RutaSiete","author_link":"https:\/\/rutasiete.es\/en\/author\/rutasiete\/"},"uagb_comment_info":0,"uagb_excerpt":"Rutasiete Experiencias tur\u00edsticas en 4&#215;4 por la provincia de C\u00e1diz Misi\u00f3n Dar a conocer la provincia de C\u00e1diz de una manera diferente y por tanto complementaria a los tours tur\u00edsticos tradicionales. Lugares y parajes naturales fuera de la masificaci\u00f3n y de una manera muy amena y distendida. Visi\u00f3n El objetivo es ayudar a consolidar el&hellip;","_links":{"self":[{"href":"https:\/\/rutasiete.es\/en\/wp-json\/wp\/v2\/pages\/10","targetHints":{"allow":["GET"]}}],"collection":[{"href":"https:\/\/rutasiete.es\/en\/wp-json\/wp\/v2\/pages"}],"about":[{"href":"https:\/\/rutasiete.es\/en\/wp-json\/wp\/v2\/types\/page"}],"author":[{"embeddable":true,"href":"https:\/\/rutasiete.es\/en\/wp-json\/wp\/v2\/users\/1"}],"replies":[{"embeddable":true,"href":"https:\/\/rutasiete.es\/en\/wp-json\/wp\/v2\/comments?post=10"}],"version-history":[{"count":25,"href":"https:\/\/rutasiete.es\/en\/wp-json\/wp\/v2\/pages\/10\/revisions"}],"predecessor-version":[{"id":731,"href":"https:\/\/rutasiete.es\/en\/wp-json\/wp\/v2\/pages\/10\/revisions\/731"}],"wp:featuredmedia":[{"embeddable":true,"href":"https:\/\/rutasiete.es\/en\/wp-json\/wp\/v2\/media\/153"}],"wp:attachment":[{"href":"https:\/\/rutasiete.es\/en\/wp-json\/wp\/v2\/media?parent=10"}],"curies":[{"name":"wp","href":"https:\/\/api.w.org\/{rel}","templated":true}]}}