{"id":17,"date":"2023-12-24T21:56:51","date_gmt":"2023-12-24T21:56:51","guid":{"rendered":"https:\/\/rutasiete.es\/?page_id=17"},"modified":"2025-01-12T17:34:41","modified_gmt":"2025-01-12T17:34:41","slug":"rutas","status":"publish","type":"page","link":"https:\/\/rutasiete.es\/en\/rutas\/","title":{"rendered":"4x4 Routes"},"content":{"rendered":"<h2 class=\"wp-block-heading has-text-align-center\">4X4 ROUTES IN C\u00c1DIZ<\/h2>\n\n\n\n<div class=\"wp-block-group has-global-padding is-layout-constrained wp-block-group-is-layout-constrained\">\n<p class=\"has-text-align-center\"><strong>We can design other routes or modify the established ones, customising them according to the client's needs.<br>Don't hesitate to ask!<\/strong><\/p>\n\n\n\n<hr class=\"wp-block-separator has-alpha-channel-opacity\"\/>\n<\/div>\n\n\n\n<p><\/p>\n\n\n\n<div class=\"wp-block-group has-global-padding is-layout-constrained wp-block-group-is-layout-constrained\">\n<div class=\"wp-block-buttons is-content-justification-center is-layout-flex wp-container-core-buttons-is-layout-a89b3969 wp-block-buttons-is-layout-flex\"><\/div>\n<\/div>\n\n\n\n<div class=\"wp-block-group alignfull has-background has-global-padding is-layout-constrained wp-block-group-is-layout-constrained\" style=\"background-color:#e5e9ec;padding-top:var(--wp--preset--spacing--small);padding-bottom:var(--wp--preset--spacing--small)\">\n<div class=\"wp-block-columns is-layout-flex wp-container-core-columns-is-layout-7db7aa3e wp-block-columns-is-layout-flex\" style=\"padding-right:0;padding-left:0\">\n<div class=\"wp-block-column is-vertically-aligned-center is-layout-flow wp-block-column-is-layout-flow\">\n<h2 class=\"wp-block-heading has-medium-font-size\" style=\"text-transform:uppercase\">4x4 route through the vineyards of the Jerez area<\/h2>\n\n\n\n<p><em>Vineyards in the municipalities of Jerez and El Puerto de Sta. Mar\u00eda<\/em><\/p>\n\n\n\n<p>Discover the vineyards of the Jerez area, from its origins 3000 years ago to the present day. The vineyards and their centenary vineyard houses, highlighting among them our emblem...<\/p>\n\n\n\n<div class=\"wp-block-buttons is-horizontal is-content-justification-left is-layout-flex wp-container-core-buttons-is-layout-20be11b6 wp-block-buttons-is-layout-flex\">\n<div class=\"wp-block-button is-style-fill\"><a class=\"wp-block-button__link wp-element-button\" href=\"https:\/\/rutasiete.es\/en\/vinas_de_jerez\/\">+ info<\/a><\/div>\n<\/div>\n\n\n\n<p><\/p>\n<\/div>\n\n\n\n<div class=\"wp-block-column is-layout-flow wp-block-column-is-layout-flow\">\n<figure class=\"wp-block-image size-large\"><img fetchpriority=\"high\" decoding=\"async\" width=\"1024\" height=\"768\" src=\"https:\/\/rutasiete.es\/wp-content\/uploads\/2024\/11\/IMG20230608194250-1024x768.jpg\" alt=\"\" class=\"wp-image-972\" srcset=\"https:\/\/rutasiete.es\/wp-content\/uploads\/2024\/11\/IMG20230608194250-1024x768.jpg 1024w, https:\/\/rutasiete.es\/wp-content\/uploads\/2024\/11\/IMG20230608194250-300x225.jpg 300w, https:\/\/rutasiete.es\/wp-content\/uploads\/2024\/11\/IMG20230608194250-2000x1500.jpg 2000w, https:\/\/rutasiete.es\/wp-content\/uploads\/2024\/11\/IMG20230608194250-scaled-16x12.jpg 16w\" sizes=\"(max-width: 1024px) 100vw, 1024px\" \/><\/figure>\n<\/div>\n<\/div>\n<\/div>\n\n\n\n<div style=\"height:var(--wp--preset--spacing--small)\" aria-hidden=\"true\" class=\"wp-block-spacer\"><\/div>\n\n\n\n<div class=\"wp-block-group alignfull has-background has-global-padding is-content-justification-center is-layout-constrained wp-block-group-is-layout-constrained\" style=\"background-color:#e5e9ec;padding-top:var(--wp--preset--spacing--small);padding-bottom:var(--wp--preset--spacing--small)\">\n<div class=\"wp-block-columns is-layout-flex wp-container-core-columns-is-layout-7db7aa3e wp-block-columns-is-layout-flex\" style=\"padding-right:0;padding-left:0\">\n<div class=\"wp-block-column is-layout-flow wp-block-column-is-layout-flow\">\n<figure class=\"wp-block-image size-large\"><img decoding=\"async\" width=\"1024\" height=\"768\" src=\"https:\/\/rutasiete.es\/wp-content\/uploads\/2024\/06\/P1200733-1024x768.jpg\" alt=\"\" class=\"wp-image-117\" srcset=\"https:\/\/rutasiete.es\/wp-content\/uploads\/2024\/06\/P1200733-1024x768.jpg 1024w, https:\/\/rutasiete.es\/wp-content\/uploads\/2024\/06\/P1200733-300x225.jpg 300w, https:\/\/rutasiete.es\/wp-content\/uploads\/2024\/06\/P1200733-2000x1500.jpg 2000w, https:\/\/rutasiete.es\/wp-content\/uploads\/2024\/06\/P1200733-scaled-16x12.jpg 16w\" sizes=\"(max-width: 1024px) 100vw, 1024px\" \/><\/figure>\n<\/div>\n\n\n\n<div class=\"wp-block-column is-vertically-aligned-center is-layout-flow wp-block-column-is-layout-flow\">\n<h2 class=\"wp-block-heading has-medium-font-size\" style=\"text-transform:uppercase\">4x4 route through the marshes of the Guadalquivir - Do\u00f1ana Natural Park<\/h2>\n\n\n\n<p><em><em>Sanl\u00facar de Bda. and Trebujena (C\u00e1diz)<\/em><\/em><\/p>\n\n\n\n<p>Explore the Guadalquivir Marshes from Jerez to Sanl\u00facar de Barrameda. Enjoy the wine-growing landscapes, discover the archaeological site of Asta Regia and observe the rich birdlife of the area of Do...<\/p>\n\n\n\n<div class=\"wp-block-buttons is-horizontal is-content-justification-left is-layout-flex wp-container-core-buttons-is-layout-20be11b6 wp-block-buttons-is-layout-flex\">\n<div class=\"wp-block-button is-style-fill\"><a class=\"wp-block-button__link wp-element-button\" href=\"https:\/\/rutasiete.es\/en\/marismas-del-guadalquivir\/\">+ info<\/a><\/div>\n<\/div>\n\n\n\n<p><\/p>\n<\/div>\n<\/div>\n<\/div>\n\n\n\n<div style=\"height:var(--wp--preset--spacing--small)\" aria-hidden=\"true\" class=\"wp-block-spacer\"><\/div>\n\n\n\n<div class=\"wp-block-group alignfull has-background has-global-padding is-layout-constrained wp-block-group-is-layout-constrained\" style=\"background-color:#e5e9ec;padding-top:var(--wp--preset--spacing--small);padding-bottom:var(--wp--preset--spacing--small)\">\n<div class=\"wp-block-columns is-layout-flex wp-container-core-columns-is-layout-7db7aa3e wp-block-columns-is-layout-flex\" style=\"padding-right:0;padding-left:0\">\n<div class=\"wp-block-column is-vertically-aligned-center is-layout-flow wp-block-column-is-layout-flow\">\n<h2 class=\"wp-block-heading has-medium-font-size\" style=\"text-transform:uppercase\">4x4 Route Through The Countryside Of Jerez And Arcos De La Frontera<\/h2>\n\n\n\n<p><em><em>Jerez and Arcos de la Frontera<\/em><\/em><\/p>\n\n\n\n<p>We start the route in the direction of the Cartuja Monastery and the 16th century bridge of the same name. Jerez is famous for being the birthplace of the Spanish horse or Cartuja...<\/p>\n\n\n\n<div class=\"wp-block-buttons is-horizontal is-content-justification-left is-layout-flex wp-container-core-buttons-is-layout-20be11b6 wp-block-buttons-is-layout-flex\">\n<div class=\"wp-block-button is-style-fill\"><a class=\"wp-block-button__link wp-element-button\" href=\"https:\/\/rutasiete.es\/en\/campina-de-jerez-y-arcos-de-la-frontera\/\">+ info<\/a><\/div>\n<\/div>\n\n\n\n<p><\/p>\n<\/div>\n\n\n\n<div class=\"wp-block-column is-layout-flow wp-block-column-is-layout-flow\">\n<figure class=\"wp-block-image size-large\"><img decoding=\"async\" width=\"1024\" height=\"768\" src=\"https:\/\/rutasiete.es\/wp-content\/uploads\/2024\/06\/P1190196-1024x768.jpg\" alt=\"\" class=\"wp-image-118\" srcset=\"https:\/\/rutasiete.es\/wp-content\/uploads\/2024\/06\/P1190196-1024x768.jpg 1024w, https:\/\/rutasiete.es\/wp-content\/uploads\/2024\/06\/P1190196-300x225.jpg 300w, https:\/\/rutasiete.es\/wp-content\/uploads\/2024\/06\/P1190196-2000x1500.jpg 2000w, https:\/\/rutasiete.es\/wp-content\/uploads\/2024\/06\/P1190196-scaled-16x12.jpg 16w\" sizes=\"(max-width: 1024px) 100vw, 1024px\" \/><\/figure>\n<\/div>\n<\/div>\n<\/div>\n\n\n\n<div style=\"height:var(--wp--preset--spacing--small)\" aria-hidden=\"true\" class=\"wp-block-spacer\"><\/div>\n\n\n\n<div class=\"wp-block-group alignfull has-background has-global-padding is-content-justification-center is-layout-constrained wp-block-group-is-layout-constrained\" style=\"background-color:#e5e9ec;padding-top:var(--wp--preset--spacing--small);padding-bottom:var(--wp--preset--spacing--small)\">\n<div class=\"wp-block-columns is-layout-flex wp-container-core-columns-is-layout-7db7aa3e wp-block-columns-is-layout-flex\" style=\"padding-right:0;padding-left:0\">\n<div class=\"wp-block-column is-layout-flow wp-block-column-is-layout-flow\">\n<figure class=\"wp-block-image size-large\"><img loading=\"lazy\" decoding=\"async\" width=\"1024\" height=\"768\" src=\"https:\/\/rutasiete.es\/wp-content\/uploads\/2024\/06\/P1290802-1024x768.jpg\" alt=\"\" class=\"wp-image-121\" srcset=\"https:\/\/rutasiete.es\/wp-content\/uploads\/2024\/06\/P1290802-1024x768.jpg 1024w, https:\/\/rutasiete.es\/wp-content\/uploads\/2024\/06\/P1290802-300x225.jpg 300w, https:\/\/rutasiete.es\/wp-content\/uploads\/2024\/06\/P1290802-2000x1500.jpg 2000w, https:\/\/rutasiete.es\/wp-content\/uploads\/2024\/06\/P1290802-scaled-16x12.jpg 16w\" sizes=\"(max-width: 1024px) 100vw, 1024px\" \/><\/figure>\n<\/div>\n\n\n\n<div class=\"wp-block-column is-vertically-aligned-center is-layout-flow wp-block-column-is-layout-flow\">\n<h2 class=\"wp-block-heading has-medium-font-size\" style=\"text-transform:uppercase\">4x4 Route Through The White Villages Of The Sierra Of Cadiz - Natural Park Of Grazalema<\/h2>\n\n\n\n<p><em><em>Arcos Fra. - El Bosque - Benamahoma - Grazalema<\/em><\/em><\/p>\n\n\n\n<p>Por tierras de cultivo nos sorprende entre colinas, Arcos de la Frontera, pueblo blanco de la sierra con sus incre\u00edbles panor\u00e1micas y rodeado por el rio Guadalete. Localidad con una apasionante historia y rincones de gran belleza. Daremos un bonito paseo por sus callejuelas&#8230;..<\/p>\n\n\n\n<div class=\"wp-block-buttons is-horizontal is-content-justification-left is-layout-flex wp-container-core-buttons-is-layout-20be11b6 wp-block-buttons-is-layout-flex\">\n<div class=\"wp-block-button is-style-fill\"><a class=\"wp-block-button__link wp-element-button\" href=\"https:\/\/rutasiete.es\/en\/pueblos-blancos-de-la-sierra\/\">+ info<\/a><\/div>\n<\/div>\n\n\n\n<p><\/p>\n<\/div>\n<\/div>\n<\/div>\n\n\n\n<div style=\"height:var(--wp--preset--spacing--small)\" aria-hidden=\"true\" class=\"wp-block-spacer\"><\/div>\n\n\n\n<div class=\"wp-block-group alignfull has-background has-global-padding is-layout-constrained wp-block-group-is-layout-constrained\" style=\"background-color:#e5e9ec;padding-top:var(--wp--preset--spacing--small);padding-bottom:var(--wp--preset--spacing--small)\">\n<div class=\"wp-block-columns is-layout-flex wp-container-core-columns-is-layout-7db7aa3e wp-block-columns-is-layout-flex\" style=\"padding-right:0;padding-left:0\">\n<div class=\"wp-block-column is-vertically-aligned-center is-layout-flow wp-block-column-is-layout-flow\">\n<h2 class=\"wp-block-heading has-medium-font-size\" style=\"text-transform:uppercase\">Route 4x4 white villages of the coast - Ruta del Toro<\/h2>\n\n\n\n<p><em><em>Medina Sidonia - Vejer Fra. - Cape Trafalgar<\/em><\/em><\/p>\n\n\n\n<p>Before entering the countryside, we will make a brief stop at the Monastery of the Cartuja, we will also see the bridge of the same name from the 16th century, we will pass throug...<\/p>\n\n\n\n<div class=\"wp-block-buttons is-horizontal is-content-justification-left is-layout-flex wp-container-core-buttons-is-layout-20be11b6 wp-block-buttons-is-layout-flex\">\n<div class=\"wp-block-button is-style-fill\"><a class=\"wp-block-button__link wp-element-button\" href=\"https:\/\/rutasiete.es\/en\/pueblos-blancos-de-la-costa\/\">+ info<\/a><\/div>\n<\/div>\n\n\n\n<p><\/p>\n<\/div>\n\n\n\n<div class=\"wp-block-column is-layout-flow wp-block-column-is-layout-flow\">\n<figure class=\"wp-block-image size-large\"><img loading=\"lazy\" decoding=\"async\" width=\"1024\" height=\"768\" src=\"https:\/\/rutasiete.es\/wp-content\/uploads\/2024\/06\/IMG20230520172706-1024x768.jpg\" alt=\"\" class=\"wp-image-123\" srcset=\"https:\/\/rutasiete.es\/wp-content\/uploads\/2024\/06\/IMG20230520172706-1024x768.jpg 1024w, https:\/\/rutasiete.es\/wp-content\/uploads\/2024\/06\/IMG20230520172706-300x225.jpg 300w, https:\/\/rutasiete.es\/wp-content\/uploads\/2024\/06\/IMG20230520172706-2000x1500.jpg 2000w, https:\/\/rutasiete.es\/wp-content\/uploads\/2024\/06\/IMG20230520172706-scaled-16x12.jpg 16w\" sizes=\"(max-width: 1024px) 100vw, 1024px\" \/><\/figure>\n<\/div>\n<\/div>\n<\/div>\n\n\n\n<div style=\"height:var(--wp--preset--spacing--small)\" aria-hidden=\"true\" class=\"wp-block-spacer\"><\/div>\n\n\n\n<div class=\"wp-block-group alignfull has-background has-global-padding is-content-justification-center is-layout-constrained wp-block-group-is-layout-constrained\" style=\"background-color:#e5e9ec;padding-top:var(--wp--preset--spacing--small);padding-bottom:var(--wp--preset--spacing--small)\">\n<div class=\"wp-block-columns is-layout-flex wp-container-core-columns-is-layout-7db7aa3e wp-block-columns-is-layout-flex\" style=\"padding-right:0;padding-left:0\">\n<div class=\"wp-block-column is-layout-flow wp-block-column-is-layout-flow\">\n<figure class=\"wp-block-image size-large\"><img loading=\"lazy\" decoding=\"async\" width=\"1024\" height=\"768\" src=\"https:\/\/rutasiete.es\/wp-content\/uploads\/2024\/06\/P1160569-1024x768.jpg\" alt=\"\" class=\"wp-image-124\" srcset=\"https:\/\/rutasiete.es\/wp-content\/uploads\/2024\/06\/P1160569-1024x768.jpg 1024w, https:\/\/rutasiete.es\/wp-content\/uploads\/2024\/06\/P1160569-300x225.jpg 300w, https:\/\/rutasiete.es\/wp-content\/uploads\/2024\/06\/P1160569-2000x1500.jpg 2000w, https:\/\/rutasiete.es\/wp-content\/uploads\/2024\/06\/P1160569-scaled-16x12.jpg 16w\" sizes=\"(max-width: 1024px) 100vw, 1024px\" \/><\/figure>\n<\/div>\n\n\n\n<div class=\"wp-block-column is-vertically-aligned-center is-layout-flow wp-block-column-is-layout-flow\">\n<h2 class=\"wp-block-heading has-medium-font-size\" style=\"text-transform:uppercase\">Route 4x4 Natural Park Los Alcornocales<\/h2>\n\n\n\n<p><em><em><em>Jerez's own mountains<\/em><\/em><\/em><\/p>\n\n\n\n<p>We head towards the fertile lowlands of the river Guadalete and the second largest reservoir in Andalusia, the Guadalcac\u00edn, we will cross extensive areas of irrigated land and pa...<\/p>\n\n\n\n<div class=\"wp-block-buttons is-horizontal is-content-justification-left is-layout-flex wp-container-core-buttons-is-layout-20be11b6 wp-block-buttons-is-layout-flex\">\n<div class=\"wp-block-button is-style-fill\"><a class=\"wp-block-button__link wp-element-button\" href=\"https:\/\/rutasiete.es\/en\/parque-natural-los-alcornocales\/\">+ info<\/a><\/div>\n<\/div>\n\n\n\n<p><\/p>\n<\/div>\n<\/div>\n<\/div>","protected":false},"excerpt":{"rendered":"<p>RUTAS EN 4X4 POR C\u00c1DIZ Se pueden realizar otras rutas o modificar las establecidas, personalizando las mismas a demanda del cliente\u00a1No dudes en preguntar! Ruta 4&#215;4 por las vi\u00f1as del marco de Jerez Pagos de vi\u00f1as de los municipios de Jerez y El Puerto de Sta. Mar\u00eda Descubre los pagos de vi\u00f1as del marco de &hellip; <\/p>\n<p class=\"link-more\"><a href=\"https:\/\/rutasiete.es\/en\/rutas\/\" class=\"more-link\">Read more<span class=\"screen-reader-text\"> \u00abRutas 4&#215;4\u00bb<\/span><\/a><\/p>","protected":false},"author":1,"featured_media":0,"parent":0,"menu_order":0,"comment_status":"closed","ping_status":"closed","template":"","meta":{"_uag_custom_page_level_css":"","footnotes":""},"class_list":["post-17","page","type-page","status-publish","hentry"],"yoast_head":"<!-- This site is optimized with the Yoast SEO plugin v26.2 - https:\/\/yoast.com\/wordpress\/plugins\/seo\/ -->\n<title>Rutas 4x4 - RutaSiete<\/title>\n<meta name=\"robots\" content=\"index, follow, max-snippet:-1, max-image-preview:large, max-video-preview:-1\" \/>\n<link rel=\"canonical\" href=\"https:\/\/rutasiete.es\/en\/rutas\/\" \/>\n<meta property=\"og:locale\" content=\"en_GB\" \/>\n<meta property=\"og:type\" content=\"article\" \/>\n<meta property=\"og:title\" content=\"Rutas 4x4 - RutaSiete\" \/>\n<meta property=\"og:description\" content=\"RUTAS EN 4X4 POR C\u00c1DIZ Se pueden realizar otras rutas o modificar las establecidas, personalizando las mismas a demanda del cliente\u00a1No dudes en preguntar! Ruta 4&#215;4 por las vi\u00f1as del marco de Jerez Pagos de vi\u00f1as de los municipios de Jerez y El Puerto de Sta. Mar\u00eda Descubre los pagos de vi\u00f1as del marco de &hellip; Read more &quot;Rutas 4&#215;4&quot;\" \/>\n<meta property=\"og:url\" content=\"https:\/\/rutasiete.es\/en\/rutas\/\" \/>\n<meta property=\"og:site_name\" content=\"RutaSiete\" \/>\n<meta property=\"article:publisher\" content=\"https:\/\/www.facebook.com\/rutasietecadiz\/\" \/>\n<meta property=\"article:modified_time\" content=\"2025-01-12T17:34:41+00:00\" \/>\n<meta property=\"og:image\" content=\"https:\/\/rutasiete.es\/wp-content\/uploads\/2024\/06\/IMG20230608194250-1024x768.jpg\" \/>\n<meta name=\"twitter:card\" content=\"summary_large_image\" \/>\n<meta name=\"twitter:label1\" content=\"Estimated reading time\" \/>\n\t<meta name=\"twitter:data1\" content=\"3 minutes\" \/>\n<script type=\"application\/ld+json\" class=\"yoast-schema-graph\">{\"@context\":\"https:\/\/schema.org\",\"@graph\":[{\"@type\":\"WebPage\",\"@id\":\"https:\/\/rutasiete.es\/rutas\/\",\"url\":\"https:\/\/rutasiete.es\/rutas\/\",\"name\":\"Rutas 4x4 - RutaSiete\",\"isPartOf\":{\"@id\":\"https:\/\/rutasiete.es\/#website\"},\"primaryImageOfPage\":{\"@id\":\"https:\/\/rutasiete.es\/rutas\/#primaryimage\"},\"image\":{\"@id\":\"https:\/\/rutasiete.es\/rutas\/#primaryimage\"},\"thumbnailUrl\":\"https:\/\/rutasiete.es\/wp-content\/uploads\/2024\/11\/IMG20230608194250-1024x768.jpg\",\"datePublished\":\"2023-12-24T21:56:51+00:00\",\"dateModified\":\"2025-01-12T17:34:41+00:00\",\"breadcrumb\":{\"@id\":\"https:\/\/rutasiete.es\/rutas\/#breadcrumb\"},\"inLanguage\":\"en-GB\",\"potentialAction\":[{\"@type\":\"ReadAction\",\"target\":[\"https:\/\/rutasiete.es\/rutas\/\"]}]},{\"@type\":\"ImageObject\",\"inLanguage\":\"en-GB\",\"@id\":\"https:\/\/rutasiete.es\/rutas\/#primaryimage\",\"url\":\"https:\/\/rutasiete.es\/wp-content\/uploads\/2024\/11\/IMG20230608194250-1024x768.jpg\",\"contentUrl\":\"https:\/\/rutasiete.es\/wp-content\/uploads\/2024\/11\/IMG20230608194250-1024x768.jpg\"},{\"@type\":\"BreadcrumbList\",\"@id\":\"https:\/\/rutasiete.es\/rutas\/#breadcrumb\",\"itemListElement\":[{\"@type\":\"ListItem\",\"position\":1,\"name\":\"Portada\",\"item\":\"https:\/\/rutasiete.es\/\"},{\"@type\":\"ListItem\",\"position\":2,\"name\":\"Rutas 4&#215;4\"}]},{\"@type\":\"WebSite\",\"@id\":\"https:\/\/rutasiete.es\/#website\",\"url\":\"https:\/\/rutasiete.es\/\",\"name\":\"RutaSiete\",\"description\":\"Experiencias tur\u00edsticas en 4x4\",\"publisher\":{\"@id\":\"https:\/\/rutasiete.es\/#organization\"},\"potentialAction\":[{\"@type\":\"SearchAction\",\"target\":{\"@type\":\"EntryPoint\",\"urlTemplate\":\"https:\/\/rutasiete.es\/?s={search_term_string}\"},\"query-input\":{\"@type\":\"PropertyValueSpecification\",\"valueRequired\":true,\"valueName\":\"search_term_string\"}}],\"inLanguage\":\"en-GB\"},{\"@type\":\"Organization\",\"@id\":\"https:\/\/rutasiete.es\/#organization\",\"name\":\"RutaSiete\",\"url\":\"https:\/\/rutasiete.es\/\",\"logo\":{\"@type\":\"ImageObject\",\"inLanguage\":\"en-GB\",\"@id\":\"https:\/\/rutasiete.es\/#\/schema\/logo\/image\/\",\"url\":\"https:\/\/rutasiete.es\/wp-content\/uploads\/2024\/01\/Captura_de_pantalla_2023-12-24_225103-removebg-preview.png\",\"contentUrl\":\"https:\/\/rutasiete.es\/wp-content\/uploads\/2024\/01\/Captura_de_pantalla_2023-12-24_225103-removebg-preview.png\",\"width\":342,\"height\":161,\"caption\":\"RutaSiete\"},\"image\":{\"@id\":\"https:\/\/rutasiete.es\/#\/schema\/logo\/image\/\"},\"sameAs\":[\"https:\/\/www.facebook.com\/rutasietecadiz\/\",\"https:\/\/www.instagram.com\/rutasietecadiz\/\"]}]}<\/script>\n<!-- \/ Yoast SEO plugin. -->","yoast_head_json":{"title":"Rutas 4x4 - RutaSiete","robots":{"index":"index","follow":"follow","max-snippet":"max-snippet:-1","max-image-preview":"max-image-preview:large","max-video-preview":"max-video-preview:-1"},"canonical":"https:\/\/rutasiete.es\/en\/rutas\/","og_locale":"en_GB","og_type":"article","og_title":"Rutas 4x4 - RutaSiete","og_description":"RUTAS EN 4X4 POR C\u00c1DIZ Se pueden realizar otras rutas o modificar las establecidas, personalizando las mismas a demanda del cliente\u00a1No dudes en preguntar! Ruta 4&#215;4 por las vi\u00f1as del marco de Jerez Pagos de vi\u00f1as de los municipios de Jerez y El Puerto de Sta. Mar\u00eda Descubre los pagos de vi\u00f1as del marco de &hellip; Read more \"Rutas 4&#215;4\"","og_url":"https:\/\/rutasiete.es\/en\/rutas\/","og_site_name":"RutaSiete","article_publisher":"https:\/\/www.facebook.com\/rutasietecadiz\/","article_modified_time":"2025-01-12T17:34:41+00:00","og_image":[{"url":"https:\/\/rutasiete.es\/wp-content\/uploads\/2024\/06\/IMG20230608194250-1024x768.jpg","type":"","width":"","height":""}],"twitter_card":"summary_large_image","twitter_misc":{"Estimated reading time":"3 minutes"},"schema":{"@context":"https:\/\/schema.org","@graph":[{"@type":"WebPage","@id":"https:\/\/rutasiete.es\/rutas\/","url":"https:\/\/rutasiete.es\/rutas\/","name":"Rutas 4x4 - RutaSiete","isPartOf":{"@id":"https:\/\/rutasiete.es\/#website"},"primaryImageOfPage":{"@id":"https:\/\/rutasiete.es\/rutas\/#primaryimage"},"image":{"@id":"https:\/\/rutasiete.es\/rutas\/#primaryimage"},"thumbnailUrl":"https:\/\/rutasiete.es\/wp-content\/uploads\/2024\/11\/IMG20230608194250-1024x768.jpg","datePublished":"2023-12-24T21:56:51+00:00","dateModified":"2025-01-12T17:34:41+00:00","breadcrumb":{"@id":"https:\/\/rutasiete.es\/rutas\/#breadcrumb"},"inLanguage":"en-GB","potentialAction":[{"@type":"ReadAction","target":["https:\/\/rutasiete.es\/rutas\/"]}]},{"@type":"ImageObject","inLanguage":"en-GB","@id":"https:\/\/rutasiete.es\/rutas\/#primaryimage","url":"https:\/\/rutasiete.es\/wp-content\/uploads\/2024\/11\/IMG20230608194250-1024x768.jpg","contentUrl":"https:\/\/rutasiete.es\/wp-content\/uploads\/2024\/11\/IMG20230608194250-1024x768.jpg"},{"@type":"BreadcrumbList","@id":"https:\/\/rutasiete.es\/rutas\/#breadcrumb","itemListElement":[{"@type":"ListItem","position":1,"name":"Portada","item":"https:\/\/rutasiete.es\/"},{"@type":"ListItem","position":2,"name":"Rutas 4&#215;4"}]},{"@type":"WebSite","@id":"https:\/\/rutasiete.es\/#website","url":"https:\/\/rutasiete.es\/","name":"RutaSiete","description":"Experiencias tur\u00edsticas en 4x4","publisher":{"@id":"https:\/\/rutasiete.es\/#organization"},"potentialAction":[{"@type":"SearchAction","target":{"@type":"EntryPoint","urlTemplate":"https:\/\/rutasiete.es\/?s={search_term_string}"},"query-input":{"@type":"PropertyValueSpecification","valueRequired":true,"valueName":"search_term_string"}}],"inLanguage":"en-GB"},{"@type":"Organization","@id":"https:\/\/rutasiete.es\/#organization","name":"RutaSiete","url":"https:\/\/rutasiete.es\/","logo":{"@type":"ImageObject","inLanguage":"en-GB","@id":"https:\/\/rutasiete.es\/#\/schema\/logo\/image\/","url":"https:\/\/rutasiete.es\/wp-content\/uploads\/2024\/01\/Captura_de_pantalla_2023-12-24_225103-removebg-preview.png","contentUrl":"https:\/\/rutasiete.es\/wp-content\/uploads\/2024\/01\/Captura_de_pantalla_2023-12-24_225103-removebg-preview.png","width":342,"height":161,"caption":"RutaSiete"},"image":{"@id":"https:\/\/rutasiete.es\/#\/schema\/logo\/image\/"},"sameAs":["https:\/\/www.facebook.com\/rutasietecadiz\/","https:\/\/www.instagram.com\/rutasietecadiz\/"]}]}},"uagb_featured_image_src":{"full":false,"thumbnail":false,"medium":false,"medium_large":false,"large":false,"1536x1536":false,"2048x2048":false,"trp-custom-language-flag":false,"inspiro-featured-image":false,"inspiro-loop":false,"inspiro-loop@2x":false},"uagb_author_info":{"display_name":"RutaSiete","author_link":"https:\/\/rutasiete.es\/en\/author\/rutasiete\/"},"uagb_comment_info":0,"uagb_excerpt":"RUTAS EN 4X4 POR C\u00c1DIZ Se pueden realizar otras rutas o modificar las establecidas, personalizando las mismas a demanda del cliente\u00a1No dudes en preguntar! Ruta 4&#215;4 por las vi\u00f1as del marco de Jerez Pagos de vi\u00f1as de los municipios de Jerez y El Puerto de Sta. Mar\u00eda Descubre los pagos de vi\u00f1as del marco de&hellip;","_links":{"self":[{"href":"https:\/\/rutasiete.es\/en\/wp-json\/wp\/v2\/pages\/17","targetHints":{"allow":["GET"]}}],"collection":[{"href":"https:\/\/rutasiete.es\/en\/wp-json\/wp\/v2\/pages"}],"about":[{"href":"https:\/\/rutasiete.es\/en\/wp-json\/wp\/v2\/types\/page"}],"author":[{"embeddable":true,"href":"https:\/\/rutasiete.es\/en\/wp-json\/wp\/v2\/users\/1"}],"replies":[{"embeddable":true,"href":"https:\/\/rutasiete.es\/en\/wp-json\/wp\/v2\/comments?post=17"}],"version-history":[{"count":24,"href":"https:\/\/rutasiete.es\/en\/wp-json\/wp\/v2\/pages\/17\/revisions"}],"predecessor-version":[{"id":1087,"href":"https:\/\/rutasiete.es\/en\/wp-json\/wp\/v2\/pages\/17\/revisions\/1087"}],"wp:attachment":[{"href":"https:\/\/rutasiete.es\/en\/wp-json\/wp\/v2\/media?parent=17"}],"curies":[{"name":"wp","href":"https:\/\/api.w.org\/{rel}","templated":true}]}}