{"id":826,"date":"2024-07-10T18:43:24","date_gmt":"2024-07-10T18:43:24","guid":{"rendered":"https:\/\/rutasiete.es\/?page_id=826"},"modified":"2024-07-27T15:39:24","modified_gmt":"2024-07-27T15:39:24","slug":"826-2","status":"publish","type":"page","link":"https:\/\/rutasiete.es\/en\/826-2\/","title":{"rendered":"Cookies policy"},"content":{"rendered":"<div class=\"wp-block-uagb-info-box uagb-block-0509b325 uagb-infobox__content-wrap  uagb-infobox-icon-above-title uagb-infobox-image-valign-top\"><div class=\"uagb-ifb-content\"><div class=\"uagb-ifb-icon-wrap\"><svg xmlns=\"https:\/\/www.w3.org\/2000\/svg\" viewbox=\"0 0 512 512\"><path d=\"M0 256C0 114.6 114.6 0 256 0C397.4 0 512 114.6 512 256C512 397.4 397.4 512 256 512C114.6 512 0 397.4 0 256zM371.8 211.8C382.7 200.9 382.7 183.1 371.8 172.2C360.9 161.3 343.1 161.3 332.2 172.2L224 280.4L179.8 236.2C168.9 225.3 151.1 225.3 140.2 236.2C129.3 247.1 129.3 264.9 140.2 275.8L204.2 339.8C215.1 350.7 232.9 350.7 243.8 339.8L371.8 211.8z\"><\/path><\/svg><\/div><div class=\"uagb-ifb-title-wrap\"><\/div><p class=\"uagb-ifb-desc\"><strong>INFORMACI\u00d3N SOBRE COOKIES<\/strong><br>Conforme con la Ley 34\/2002, de 11 de julio, de servicios de la sociedad de la informaci\u00f3n y de comercio electr\u00f3nico (LSSI), en relaci\u00f3n con el Reglamento (UE) 2016\/679 del Parlamento Europeo y del Consejo, de 27 de abril de 2016, General de Protecci\u00f3n de Datos (GDPR) y la Ley Org\u00e1nica 3\/2018, de 5 de diciembre, de Protecci\u00f3n de Datos y Garant\u00eda de los Derechos Digitales (LOPDGDD), es obligado obtener el consentimiento expreso del usuario de todas las p\u00e1ginas web que usan cookies prescindibles, antes de que este navegue por ellas.<br><br><strong>\u00bfQU\u00c9 SON LAS COOKIES?<\/strong><br>Las cookies y otras tecnolog\u00edas similares tales como local shared objects, flash cookies o p\u00edxeles, son herramientas empleadas por los servidores Web para almacenar y recuperar informaci\u00f3n acerca de sus visitantes, as\u00ed como para ofrecer un correcto funcionamiento del sitio.<br>Mediante el uso de estos dispositivos se permite al servidor Web recordar algunos datos concernientes al usuario, como sus preferencias para la visualizaci\u00f3n de las p\u00e1ginas de ese servidor, nombre y contrase\u00f1a, art\u00edculos que m\u00e1s le interesan, etc.<br><br><strong>COOKIES AFECTADAS POR LA NORMATIVA Y COOKIES EXCEPTUADAS<\/strong><br>Seg\u00fan la directiva de la UE, las cookies que requieren el consentimiento informado por parte del usuario son las cookies de anal\u00edtica y las de publicidad y afiliaci\u00f3n, quedando exceptuadas las de car\u00e1cter t\u00e9cnico y las necesarias para el funcionamiento del sitio web o la prestaci\u00f3n de servicios expresamente solicitados por el usuario.<br><br><strong>TIPOS DE COOKIES<\/strong><br>SEG\u00daN LA FINALIDAD<br>Cookies t\u00e9cnicas y funcionales: son aquellas que permiten al usuario la navegaci\u00f3n a trav\u00e9s de una p\u00e1gina web, plataforma o aplicaci\u00f3n y la utilizaci\u00f3n de las diferentes opciones o servicios que en ella existan.<br>Cookies anal\u00edticas: son aquellas que permiten al responsable de las mismas el seguimiento y an\u00e1lisis del comportamiento de los usuarios de los sitios web a los que est\u00e1n vinculadas. La informaci\u00f3n recogida mediante este tipo de cookies se utiliza en la medici\u00f3n de la actividad de los sitios web, aplicaci\u00f3n o plataforma y para la elaboraci\u00f3n de perfiles de navegaci\u00f3n de los usuarios de dichos sitios, aplicaciones y plataformas, con el fin de introducir mejoras en funci\u00f3n del an\u00e1lisis de los datos de uso que hacen los usuarios del servicio<br>Cookies publicitarias: son aquellas que permiten la gesti\u00f3n, de la forma m\u00e1s eficaz posible, de los espacios publicitarios que, en su caso, el editor haya incluido en una p\u00e1gina web, aplicaci\u00f3n o plataforma desde la que presta el servicio solicitado en base a criterios como el contenido editado o la frecuencia en la que se muestran los anuncios.<br>Cookies de publicidad comportamental: recogen informaci\u00f3n sobre las preferencias y elecciones personales del usuario (retargeting) para permitir la gesti\u00f3n, de la forma m\u00e1s eficaz posible, de los espacios publicitarios que, en su caso, el editor haya incluido en una p\u00e1gina web, aplicaci\u00f3n o plataforma desde la que presta el servicio solicitado.<br>Cookies sociales: son establecidas por las plataformas de redes sociales en los servicios para permitirle compartir contenido con sus amigos y redes. Las plataformas de medios sociales tienen la capacidad de rastrear su actividad en l\u00ednea fuera de los Servicios. Esto puede afectar al contenido y los mensajes que ve en otros servicios que visita.<br>Cookies de afiliados: permiten hacer un seguimiento de las visitas procedentes de otras webs, con las que el sitio web establece un contrato de afiliaci\u00f3n (empresas de afiliaci\u00f3n).<br>Cookies de seguridad: almacenan informaci\u00f3n cifrada para evitar que los datos guardados en ellas sean vulnerables a ataques maliciosos de terceros.<br><br>SEG\u00daN LA PROPIEDAD<br>Cookies propiass: son aquellas que se env\u00edan al equipo terminal del usuario desde un equipo o dominio gestionado por el propio editor y desde el que se presta el servicio solicitado por el usuario.<br>Cookies de terceros: son aquellas que se env\u00edan al equipo terminal del usuario desde un equipo o dominio que no es gestionado por el editor, sino por otra entidad que trata los datos obtenidos trav\u00e9s de las cookies.<br><br>SEG\u00daN EL PLAZO DE CONSERVACI\u00d3N<br>Cookies de sesi\u00f3n: son un tipo de cookies dise\u00f1adas para recabar y almacenar datos mientras el usuario accede a una p\u00e1gina web.<br>Cookies persistentes: son un tipo de cookies en el que los datos siguen almacenados en el terminal y pueden ser accedidos y tratados durante un per\u00edodo definido por el responsable de la cookie, y que puede ir de unos minutos a varios a\u00f1os.<br><br><br><strong>TRATAMIENTO DE DATOS PERSONALES<\/strong><br>RUTASIETE es el\u00a0responsable del tratamiento\u00a0de los datos personales del\u00a0Interesado\u00a0y le informa de que estos datos ser\u00e1n tratados de conformidad con lo dispuesto en el Reglamento (UE) 2016\/679, de 27 de abril de 2016 (GDPR), por lo que se le facilita la siguiente informaci\u00f3n del tratamiento:<br>Fines del tratamiento: seg\u00fan se especifica en el apartado de cookies que se utilizan en este sitio web.<br>Legitimaci\u00f3n del tratamiento: salvo en los casos en los que resulte necesario para la navegaci\u00f3n por la web, por consentimiento del interesado (art. 6.1 GDPR).<br>Criterios de conservaci\u00f3n de los datos: seg\u00fan se especifica en el apartado de cookies utilizadas en la web.<br>Comunicaci\u00f3n de los datos: no se comunicar\u00e1n los datos a terceros, excepto en cookies propiedad de terceros o por obligaci\u00f3n legal.<br>Derechos que asisten al Interesado:<br>Derecho a retirar el consentimiento en cualquier momento.<br>Derecho de acceso, rectificaci\u00f3n, portabilidad y supresi\u00f3n de sus datos, y de limitaci\u00f3n u oposici\u00f3n a su tratamiento.<br>Derecho a presentar una reclamaci\u00f3n ante la Autoridad de control (www.aepd.es) si considera que el tratamiento no se ajusta a la normativa vigente<br><br><br>Datos de contacto para ejercer sus derechos:<br>RUTASIETE, 11402 Jerez de la Frontera, C\u00e1diz. E-mail:\u00a0<br><a href=\"mailto:info@rutasiete.es\">info@rutasiete.es<\/a><br><br><br><strong>COOKIES UTILIZADAS EN ESTE SITIO WEB<\/strong><br>Esta p\u00e1gina web usa cookies. Las cookies de este sitio web se usan para personalizar el contenido y los anuncios, ofrecer funciones de redes sociales y analizar el tr\u00e1fico. Adem\u00e1s, compartimos informaci\u00f3n sobre el uso que haga del sitio web con nuestros partners de redes sociales, publicidad y an\u00e1lisis web, quienes pueden combinarla con otra informaci\u00f3n que les haya proporcionado o que hayan recopilado a partir del uso que haya hecho de sus servicios.<br>Las cookies son peque\u00f1os archivos de texto que las p\u00e1ginas web pueden utilizar para hacer m\u00e1s eficiente la experiencia del usuario.<br><br>La ley afirma que podemos almacenar cookies en su dispositivo si son estrictamente necesarias para el funcionamiento de esta p\u00e1gina. Para todos los dem\u00e1s tipos de cookies necesitamos su permiso.<br><br>Esta p\u00e1gina utiliza tipos diferentes de cookies. Algunas cookies son colocadas por servicios de terceros que aparecen en nuestras p\u00e1ginas.<br><br>En cualquier momento puede cambiar o retirar su consentimiento desde la Declaraci\u00f3n de cookies en nuestro sitio web.<br><br>Obtenga m\u00e1s informaci\u00f3n sobre qui\u00e9nes somos, c\u00f3mo puede contactarnos y c\u00f3mo procesamos los datos personales en nuestra Pol\u00edtica de privacidad.<\/p><\/div><\/div>\n\n\n\n<div style=\"height:100px\" aria-hidden=\"true\" class=\"wp-block-spacer\"><\/div>","protected":false},"excerpt":{"rendered":"","protected":false},"author":1,"featured_media":0,"parent":0,"menu_order":0,"comment_status":"closed","ping_status":"closed","template":"","meta":{"_uag_custom_page_level_css":"","footnotes":""},"class_list":["post-826","page","type-page","status-publish","hentry"],"yoast_head":"<!-- This site is optimized with the Yoast SEO plugin v26.2 - https:\/\/yoast.com\/wordpress\/plugins\/seo\/ -->\n<title>Pol\u00edtica de cookies - RutaSiete<\/title>\n<meta name=\"robots\" content=\"index, follow, max-snippet:-1, max-image-preview:large, max-video-preview:-1\" \/>\n<link rel=\"canonical\" href=\"https:\/\/rutasiete.es\/en\/826-2\/\" \/>\n<meta property=\"og:locale\" content=\"en_GB\" \/>\n<meta property=\"og:type\" content=\"article\" \/>\n<meta property=\"og:title\" content=\"Pol\u00edtica de cookies - RutaSiete\" \/>\n<meta property=\"og:url\" content=\"https:\/\/rutasiete.es\/en\/826-2\/\" \/>\n<meta property=\"og:site_name\" content=\"RutaSiete\" \/>\n<meta property=\"article:publisher\" content=\"https:\/\/www.facebook.com\/rutasietecadiz\/\" \/>\n<meta property=\"article:modified_time\" content=\"2024-07-27T15:39:24+00:00\" \/>\n<meta name=\"twitter:card\" content=\"summary_large_image\" \/>\n<meta name=\"twitter:label1\" content=\"Estimated reading time\" \/>\n\t<meta name=\"twitter:data1\" content=\"6 minutes\" \/>\n<script type=\"application\/ld+json\" class=\"yoast-schema-graph\">{\"@context\":\"https:\/\/schema.org\",\"@graph\":[{\"@type\":\"WebPage\",\"@id\":\"https:\/\/rutasiete.es\/826-2\/\",\"url\":\"https:\/\/rutasiete.es\/826-2\/\",\"name\":\"Pol\u00edtica de cookies - RutaSiete\",\"isPartOf\":{\"@id\":\"https:\/\/rutasiete.es\/#website\"},\"datePublished\":\"2024-07-10T18:43:24+00:00\",\"dateModified\":\"2024-07-27T15:39:24+00:00\",\"breadcrumb\":{\"@id\":\"https:\/\/rutasiete.es\/826-2\/#breadcrumb\"},\"inLanguage\":\"en-GB\",\"potentialAction\":[{\"@type\":\"ReadAction\",\"target\":[\"https:\/\/rutasiete.es\/826-2\/\"]}]},{\"@type\":\"BreadcrumbList\",\"@id\":\"https:\/\/rutasiete.es\/826-2\/#breadcrumb\",\"itemListElement\":[{\"@type\":\"ListItem\",\"position\":1,\"name\":\"Portada\",\"item\":\"https:\/\/rutasiete.es\/\"},{\"@type\":\"ListItem\",\"position\":2,\"name\":\"Pol\u00edtica de cookies\"}]},{\"@type\":\"WebSite\",\"@id\":\"https:\/\/rutasiete.es\/#website\",\"url\":\"https:\/\/rutasiete.es\/\",\"name\":\"RutaSiete\",\"description\":\"Experiencias tur\u00edsticas en 4x4\",\"publisher\":{\"@id\":\"https:\/\/rutasiete.es\/#organization\"},\"potentialAction\":[{\"@type\":\"SearchAction\",\"target\":{\"@type\":\"EntryPoint\",\"urlTemplate\":\"https:\/\/rutasiete.es\/?s={search_term_string}\"},\"query-input\":{\"@type\":\"PropertyValueSpecification\",\"valueRequired\":true,\"valueName\":\"search_term_string\"}}],\"inLanguage\":\"en-GB\"},{\"@type\":\"Organization\",\"@id\":\"https:\/\/rutasiete.es\/#organization\",\"name\":\"RutaSiete\",\"url\":\"https:\/\/rutasiete.es\/\",\"logo\":{\"@type\":\"ImageObject\",\"inLanguage\":\"en-GB\",\"@id\":\"https:\/\/rutasiete.es\/#\/schema\/logo\/image\/\",\"url\":\"https:\/\/rutasiete.es\/wp-content\/uploads\/2024\/01\/Captura_de_pantalla_2023-12-24_225103-removebg-preview.png\",\"contentUrl\":\"https:\/\/rutasiete.es\/wp-content\/uploads\/2024\/01\/Captura_de_pantalla_2023-12-24_225103-removebg-preview.png\",\"width\":342,\"height\":161,\"caption\":\"RutaSiete\"},\"image\":{\"@id\":\"https:\/\/rutasiete.es\/#\/schema\/logo\/image\/\"},\"sameAs\":[\"https:\/\/www.facebook.com\/rutasietecadiz\/\",\"https:\/\/www.instagram.com\/rutasietecadiz\/\"]}]}<\/script>\n<!-- \/ Yoast SEO plugin. -->","yoast_head_json":{"title":"Pol\u00edtica de cookies - RutaSiete","robots":{"index":"index","follow":"follow","max-snippet":"max-snippet:-1","max-image-preview":"max-image-preview:large","max-video-preview":"max-video-preview:-1"},"canonical":"https:\/\/rutasiete.es\/en\/826-2\/","og_locale":"en_GB","og_type":"article","og_title":"Pol\u00edtica de cookies - RutaSiete","og_url":"https:\/\/rutasiete.es\/en\/826-2\/","og_site_name":"RutaSiete","article_publisher":"https:\/\/www.facebook.com\/rutasietecadiz\/","article_modified_time":"2024-07-27T15:39:24+00:00","twitter_card":"summary_large_image","twitter_misc":{"Estimated reading time":"6 minutes"},"schema":{"@context":"https:\/\/schema.org","@graph":[{"@type":"WebPage","@id":"https:\/\/rutasiete.es\/826-2\/","url":"https:\/\/rutasiete.es\/826-2\/","name":"Pol\u00edtica de cookies - RutaSiete","isPartOf":{"@id":"https:\/\/rutasiete.es\/#website"},"datePublished":"2024-07-10T18:43:24+00:00","dateModified":"2024-07-27T15:39:24+00:00","breadcrumb":{"@id":"https:\/\/rutasiete.es\/826-2\/#breadcrumb"},"inLanguage":"en-GB","potentialAction":[{"@type":"ReadAction","target":["https:\/\/rutasiete.es\/826-2\/"]}]},{"@type":"BreadcrumbList","@id":"https:\/\/rutasiete.es\/826-2\/#breadcrumb","itemListElement":[{"@type":"ListItem","position":1,"name":"Portada","item":"https:\/\/rutasiete.es\/"},{"@type":"ListItem","position":2,"name":"Pol\u00edtica de cookies"}]},{"@type":"WebSite","@id":"https:\/\/rutasiete.es\/#website","url":"https:\/\/rutasiete.es\/","name":"RutaSiete","description":"Experiencias tur\u00edsticas en 4x4","publisher":{"@id":"https:\/\/rutasiete.es\/#organization"},"potentialAction":[{"@type":"SearchAction","target":{"@type":"EntryPoint","urlTemplate":"https:\/\/rutasiete.es\/?s={search_term_string}"},"query-input":{"@type":"PropertyValueSpecification","valueRequired":true,"valueName":"search_term_string"}}],"inLanguage":"en-GB"},{"@type":"Organization","@id":"https:\/\/rutasiete.es\/#organization","name":"RutaSiete","url":"https:\/\/rutasiete.es\/","logo":{"@type":"ImageObject","inLanguage":"en-GB","@id":"https:\/\/rutasiete.es\/#\/schema\/logo\/image\/","url":"https:\/\/rutasiete.es\/wp-content\/uploads\/2024\/01\/Captura_de_pantalla_2023-12-24_225103-removebg-preview.png","contentUrl":"https:\/\/rutasiete.es\/wp-content\/uploads\/2024\/01\/Captura_de_pantalla_2023-12-24_225103-removebg-preview.png","width":342,"height":161,"caption":"RutaSiete"},"image":{"@id":"https:\/\/rutasiete.es\/#\/schema\/logo\/image\/"},"sameAs":["https:\/\/www.facebook.com\/rutasietecadiz\/","https:\/\/www.instagram.com\/rutasietecadiz\/"]}]}},"uagb_featured_image_src":{"full":false,"thumbnail":false,"medium":false,"medium_large":false,"large":false,"1536x1536":false,"2048x2048":false,"trp-custom-language-flag":false,"inspiro-featured-image":false,"inspiro-loop":false,"inspiro-loop@2x":false},"uagb_author_info":{"display_name":"RutaSiete","author_link":"https:\/\/rutasiete.es\/en\/author\/rutasiete\/"},"uagb_comment_info":0,"uagb_excerpt":null,"_links":{"self":[{"href":"https:\/\/rutasiete.es\/en\/wp-json\/wp\/v2\/pages\/826","targetHints":{"allow":["GET"]}}],"collection":[{"href":"https:\/\/rutasiete.es\/en\/wp-json\/wp\/v2\/pages"}],"about":[{"href":"https:\/\/rutasiete.es\/en\/wp-json\/wp\/v2\/types\/page"}],"author":[{"embeddable":true,"href":"https:\/\/rutasiete.es\/en\/wp-json\/wp\/v2\/users\/1"}],"replies":[{"embeddable":true,"href":"https:\/\/rutasiete.es\/en\/wp-json\/wp\/v2\/comments?post=826"}],"version-history":[{"count":9,"href":"https:\/\/rutasiete.es\/en\/wp-json\/wp\/v2\/pages\/826\/revisions"}],"predecessor-version":[{"id":849,"href":"https:\/\/rutasiete.es\/en\/wp-json\/wp\/v2\/pages\/826\/revisions\/849"}],"wp:attachment":[{"href":"https:\/\/rutasiete.es\/en\/wp-json\/wp\/v2\/media?parent=826"}],"curies":[{"name":"wp","href":"https:\/\/api.w.org\/{rel}","templated":true}]}}